{"id":1272,"date":"2022-10-10T17:29:26","date_gmt":"2022-10-10T17:29:26","guid":{"rendered":"https:\/\/avadawebsites.wpengine.com\/business\/?page_id=1272"},"modified":"2025-06-18T03:11:37","modified_gmt":"2025-06-18T06:11:37","slug":"innovacion","status":"publish","type":"page","link":"https:\/\/conciencialogistica.com\/web\/servicios\/innovacion\/","title":{"rendered":"Innovaci\u00f3n log\u00edstica personalizada"},"content":{"rendered":"<div class=\"fusion-fullwidth fullwidth-box fusion-builder-row-1 fusion-flex-container has-pattern-background has-mask-background nonhundred-percent-fullwidth non-hundred-percent-height-scrolling\" style=\"--awb-border-radius-top-left:0px;--awb-border-radius-top-right:0px;--awb-border-radius-bottom-right:0px;--awb-border-radius-bottom-left:0px;--awb-margin-top:0px;--awb-flex-wrap:wrap;\" ><div class=\"fusion-builder-row fusion-row fusion-flex-align-items-flex-start fusion-flex-content-wrap\" style=\"max-width:1372.8px;margin-left: calc(-4% \/ 2 );margin-right: calc(-4% \/ 2 );\"><div class=\"fusion-layout-column fusion_builder_column fusion-builder-column-0 fusion_builder_column_1_2 1_2 fusion-flex-column fusion-flex-align-self-stretch\" style=\"--awb-overflow:hidden;--awb-bg-size:cover;--awb-border-radius:0px 0px 0px 25px;--awb-width-large:50%;--awb-margin-top-large:0px;--awb-spacing-right-large:80px;--awb-margin-bottom-large:0px;--awb-spacing-left-large:80px;--awb-width-medium:50%;--awb-order-medium:0;--awb-spacing-right-medium:80px;--awb-spacing-left-medium:80px;--awb-width-small:100%;--awb-order-small:0;--awb-spacing-right-small:1.92%;--awb-spacing-left-small:1.92%;\"><div class=\"fusion-column-wrapper fusion-column-has-shadow fusion-flex-justify-content-flex-start fusion-content-layout-column\"><div class=\"fusion-image-element \" style=\"--awb-margin-top:0px;--awb-caption-title-font-family:var(--h2_typography-font-family);--awb-caption-title-font-weight:var(--h2_typography-font-weight);--awb-caption-title-font-style:var(--h2_typography-font-style);--awb-caption-title-size:var(--h2_typography-font-size);--awb-caption-title-transform:var(--h2_typography-text-transform);--awb-caption-title-line-height:var(--h2_typography-line-height);--awb-caption-title-letter-spacing:var(--h2_typography-letter-spacing);\"><span class=\" fusion-imageframe imageframe-none imageframe-1 hover-type-none\"><img decoding=\"async\" width=\"484\" height=\"501\" title=\"Captura de pantalla 2025-05-30 a la(s) 9.35.31\u202fp.m.\" src=\"https:\/\/conciencialogistica.com\/web\/wp-content\/uploads\/2025\/05\/Captura-de-pantalla-2025-05-30-a-las-9.35.31\u202fp.m.png\" data-orig-src=\"https:\/\/conciencialogistica.com\/web\/wp-content\/uploads\/2025\/05\/Captura-de-pantalla-2025-05-30-a-las-9.35.31\u202fp.m.png\" alt class=\"lazyload img-responsive wp-image-3819\" srcset=\"data:image\/svg+xml,%3Csvg%20xmlns%3D%27http%3A%2F%2Fwww.w3.org%2F2000%2Fsvg%27%20width%3D%27484%27%20height%3D%27501%27%20viewBox%3D%270%200%20484%20501%27%3E%3Crect%20width%3D%27484%27%20height%3D%27501%27%20fill-opacity%3D%220%22%2F%3E%3C%2Fsvg%3E\" data-srcset=\"https:\/\/conciencialogistica.com\/web\/wp-content\/uploads\/2025\/05\/Captura-de-pantalla-2025-05-30-a-las-9.35.31\u202fp.m-200x207.png 200w, https:\/\/conciencialogistica.com\/web\/wp-content\/uploads\/2025\/05\/Captura-de-pantalla-2025-05-30-a-las-9.35.31\u202fp.m-400x414.png 400w, https:\/\/conciencialogistica.com\/web\/wp-content\/uploads\/2025\/05\/Captura-de-pantalla-2025-05-30-a-las-9.35.31\u202fp.m.png 484w\" data-sizes=\"auto\" data-orig-sizes=\"(max-width: 850px) 100vw, 484px\" \/><\/span><\/div><div class=\"fusion-image-element \" style=\"--awb-aspect-ratio: 100 \/ 93;--awb-caption-title-font-family:var(--h2_typography-font-family);--awb-caption-title-font-weight:var(--h2_typography-font-weight);--awb-caption-title-font-style:var(--h2_typography-font-style);--awb-caption-title-size:var(--h2_typography-font-size);--awb-caption-title-transform:var(--h2_typography-text-transform);--awb-caption-title-line-height:var(--h2_typography-line-height);--awb-caption-title-letter-spacing:var(--h2_typography-letter-spacing);\"><span class=\" fusion-imageframe imageframe-none imageframe-2 hover-type-none has-aspect-ratio\"><img decoding=\"async\" width=\"716\" height=\"602\" title=\"Captura de pantalla 2025-05-30 a la(s) 9.26.42\u202fp.m.\" src=\"https:\/\/conciencialogistica.com\/web\/wp-content\/uploads\/2025\/05\/Captura-de-pantalla-2025-05-30-a-las-9.26.42\u202fp.m.png\" data-orig-src=\"https:\/\/conciencialogistica.com\/web\/wp-content\/uploads\/2025\/05\/Captura-de-pantalla-2025-05-30-a-las-9.26.42\u202fp.m.png\" class=\"lazyload img-responsive wp-image-3814 img-with-aspect-ratio\" data-parent-fit=\"cover\" data-parent-container=\".fusion-image-element\" alt srcset=\"data:image\/svg+xml,%3Csvg%20xmlns%3D%27http%3A%2F%2Fwww.w3.org%2F2000%2Fsvg%27%20width%3D%27716%27%20height%3D%27602%27%20viewBox%3D%270%200%20716%20602%27%3E%3Crect%20width%3D%27716%27%20height%3D%27602%27%20fill-opacity%3D%220%22%2F%3E%3C%2Fsvg%3E\" data-srcset=\"https:\/\/conciencialogistica.com\/web\/wp-content\/uploads\/2025\/05\/Captura-de-pantalla-2025-05-30-a-las-9.26.42\u202fp.m-200x168.png 200w, https:\/\/conciencialogistica.com\/web\/wp-content\/uploads\/2025\/05\/Captura-de-pantalla-2025-05-30-a-las-9.26.42\u202fp.m-400x336.png 400w, https:\/\/conciencialogistica.com\/web\/wp-content\/uploads\/2025\/05\/Captura-de-pantalla-2025-05-30-a-las-9.26.42\u202fp.m-600x504.png 600w, https:\/\/conciencialogistica.com\/web\/wp-content\/uploads\/2025\/05\/Captura-de-pantalla-2025-05-30-a-las-9.26.42\u202fp.m.png 716w\" data-sizes=\"auto\" data-orig-sizes=\"(max-width: 850px) 100vw, 716px\" \/><\/span><\/div><\/div><\/div><div class=\"fusion-layout-column fusion_builder_column fusion-builder-column-1 fusion_builder_column_1_2 1_2 fusion-flex-column\" style=\"--awb-padding-top:15px;--awb-padding-left:50px;--awb-padding-top-small:60px;--awb-padding-left-small:0px;--awb-bg-size:cover;--awb-width-large:50%;--awb-margin-top-large:0px;--awb-spacing-right-large:3.84%;--awb-margin-bottom-large:0px;--awb-spacing-left-large:3.84%;--awb-width-medium:50%;--awb-order-medium:0;--awb-spacing-right-medium:3.84%;--awb-spacing-left-medium:3.84%;--awb-width-small:100%;--awb-order-small:0;--awb-spacing-right-small:1.92%;--awb-spacing-left-small:1.92%;\"><div class=\"fusion-column-wrapper fusion-column-has-shadow fusion-flex-justify-content-flex-start fusion-content-layout-column\"><div class=\"fusion-text fusion-text-1 fusion-text-no-margin\" style=\"--awb-margin-bottom:30px;\"><p><strong>Soluciones tecnol\u00f3gicas \u00fanicas, desarrolladas especialmente para tus desaf\u00edos log\u00edsticos.<\/strong><\/p>\n<p>En Conciencia Log\u00edstica, creamos soluciones tecnol\u00f3gicas adaptadas a las necesidades espec\u00edficas de tu empresa en transporte y log\u00edstica. Nuestro equipo especializado colabora estrechamente contigo, combinando tu conocimiento interno con nuestros datos estrat\u00e9gicos y experiencia t\u00e9cnica, asegurando resultados precisos y efectivos.<\/p>\n<p>Con un modelo de trabajo basado en horas de desarrollo, ofrecemos flexibilidad absoluta, eficiencia en costos y total transparencia, beneficiando a empresas p\u00fablicas, privadas, instituciones acad\u00e9micas y consultoras.<\/p>\n<p><strong>Impulsa tu log\u00edstica con innovaci\u00f3n tecnol\u00f3gica hecha a la medida.<\/strong><\/p>\n<\/div><div class=\"fusion-builder-row fusion-builder-row-inner fusion-row fusion-flex-align-items-flex-start fusion-flex-content-wrap\" style=\"width:104% !important;max-width:104% !important;margin-left: calc(-4% \/ 2 );margin-right: calc(-4% \/ 2 );\"><div class=\"fusion-layout-column fusion_builder_column_inner fusion-builder-nested-column-0 fusion_builder_column_inner_1_5 1_5 fusion-flex-column fusion-flex-align-self-flex-start\" style=\"--awb-bg-size:cover;--awb-width-large:20%;--awb-margin-top-large:0px;--awb-spacing-right-large:9.6%;--awb-margin-bottom-large:20px;--awb-spacing-left-large:9.6%;--awb-width-medium:25%;--awb-order-medium:0;--awb-spacing-right-medium:7.68%;--awb-spacing-left-medium:7.68%;--awb-width-small:100%;--awb-order-small:0;--awb-spacing-right-small:1.92%;--awb-margin-bottom-small:0px;--awb-spacing-left-small:1.92%;\"><div class=\"fusion-column-wrapper fusion-column-has-shadow fusion-flex-justify-content-flex-start fusion-content-layout-column\"><i class=\"fb-icon-element-1 fb-icon-element fontawesome-icon awb-business-chalkboard-teacher-solid circle-yes fusion-text-flow\" style=\"--awb-iconcolor:var(--awb-color6);--awb-circlecolor:var(--awb-color1);--awb-circlecolor-hover:var(--awb-color7);--awb-circlebordercolor:hsla(var(--awb-color2-h),var(--awb-color2-s),calc(var(--awb-color2-l) - 4%),var(--awb-color2-a));--awb-circlebordercolor-hover:hsla(var(--awb-color2-h),var(--awb-color2-s),calc(var(--awb-color2-l) - 4%),var(--awb-color2-a));--awb-circlebordersize:5px;--awb-font-size:30px;--awb-width:96px;--awb-height:96px;--awb-line-height:86px;--awb-margin-right:15px;\"><\/i><\/div><\/div><div class=\"fusion-layout-column fusion_builder_column_inner fusion-builder-nested-column-1 fusion_builder_column_inner_2_3 2_3 fusion-flex-column fusion-flex-align-self-flex-start\" style=\"--awb-padding-top:10px;--awb-padding-left:10px;--awb-padding-bottom-small:40px;--awb-bg-size:cover;--awb-width-large:66.666666666667%;--awb-margin-top-large:0px;--awb-spacing-right-large:2.88%;--awb-margin-bottom-large:0px;--awb-spacing-left-large:2.88%;--awb-width-medium:75%;--awb-order-medium:0;--awb-spacing-right-medium:2.56%;--awb-spacing-left-medium:2.56%;--awb-width-small:100%;--awb-order-small:0;--awb-spacing-right-small:1.92%;--awb-spacing-left-small:1.92%;\"><div class=\"fusion-column-wrapper fusion-column-has-shadow fusion-flex-justify-content-flex-start fusion-content-layout-column\"><div class=\"fusion-title title fusion-title-1 fusion-sep-none fusion-title-text fusion-title-size-five\" style=\"--awb-margin-bottom:10px;\"><h5 class=\"fusion-title-heading title-heading-left\" style=\"margin:0;text-transform:none;\"><strong data-start=\"172\" data-end=\"200\">Desarrollo personalizado<\/strong><\/h5><\/div><div class=\"fusion-text fusion-text-2 fusion-text-no-margin\" style=\"--awb-margin-top:0px;--awb-margin-bottom:20px;\"><p>Tecnolog\u00edas adaptadas espec\u00edficamente a tus desaf\u00edos log\u00edsticos, asegurando soluciones \u00fanicas y eficaces.<\/p>\n<\/div><\/div><\/div><\/div><div class=\"fusion-builder-row fusion-builder-row-inner fusion-row fusion-flex-align-items-flex-start fusion-flex-content-wrap\" style=\"width:104% !important;max-width:104% !important;margin-left: calc(-4% \/ 2 );margin-right: calc(-4% \/ 2 );\"><div class=\"fusion-layout-column fusion_builder_column_inner fusion-builder-nested-column-2 fusion_builder_column_inner_1_5 1_5 fusion-flex-column fusion-flex-align-self-flex-start\" style=\"--awb-bg-size:cover;--awb-width-large:20%;--awb-margin-top-large:0px;--awb-spacing-right-large:9.6%;--awb-margin-bottom-large:20px;--awb-spacing-left-large:9.6%;--awb-width-medium:25%;--awb-order-medium:0;--awb-spacing-right-medium:7.68%;--awb-spacing-left-medium:7.68%;--awb-width-small:100%;--awb-order-small:0;--awb-spacing-right-small:1.92%;--awb-margin-bottom-small:0px;--awb-spacing-left-small:1.92%;\"><div class=\"fusion-column-wrapper fusion-column-has-shadow fusion-flex-justify-content-flex-start fusion-content-layout-column\"><i class=\"fb-icon-element-2 fb-icon-element fontawesome-icon awb-business-chart-line-solid circle-yes fusion-text-flow\" style=\"--awb-iconcolor:var(--awb-color6);--awb-circlecolor:var(--awb-color1);--awb-circlecolor-hover:var(--awb-color7);--awb-circlebordercolor:hsla(var(--awb-color2-h),var(--awb-color2-s),calc(var(--awb-color2-l) - 4%),var(--awb-color2-a));--awb-circlebordercolor-hover:hsla(var(--awb-color2-h),var(--awb-color2-s),calc(var(--awb-color2-l) - 4%),var(--awb-color2-a));--awb-circlebordersize:5px;--awb-font-size:32px;--awb-width:96px;--awb-height:96px;--awb-line-height:86px;--awb-margin-right:16px;\"><\/i><\/div><\/div><div class=\"fusion-layout-column fusion_builder_column_inner fusion-builder-nested-column-3 fusion_builder_column_inner_2_3 2_3 fusion-flex-column fusion-flex-align-self-flex-start\" style=\"--awb-padding-top:10px;--awb-padding-left:10px;--awb-padding-bottom-small:40px;--awb-bg-size:cover;--awb-width-large:66.666666666667%;--awb-margin-top-large:0px;--awb-spacing-right-large:2.88%;--awb-margin-bottom-large:0px;--awb-spacing-left-large:2.88%;--awb-width-medium:75%;--awb-order-medium:0;--awb-spacing-right-medium:2.56%;--awb-spacing-left-medium:2.56%;--awb-width-small:100%;--awb-order-small:0;--awb-spacing-right-small:1.92%;--awb-spacing-left-small:1.92%;\"><div class=\"fusion-column-wrapper fusion-column-has-shadow fusion-flex-justify-content-flex-start fusion-content-layout-column\"><div class=\"fusion-title title fusion-title-2 fusion-sep-none fusion-title-text fusion-title-size-five\" style=\"--awb-margin-bottom:10px;\"><h5 class=\"fusion-title-heading title-heading-left\" style=\"margin:0;text-transform:none;\"><strong data-start=\"310\" data-end=\"341\">Modelo flexible y eficiente<\/strong><\/h5><\/div><div class=\"fusion-text fusion-text-3 fusion-text-no-margin\" style=\"--awb-margin-top:0px;--awb-margin-bottom:20px;\"><p data-start=\"310\" data-end=\"446\">Servicios por horas que permiten transparencia total y m\u00e1xima eficiencia en costos para cada proyecto.<\/p>\n<\/div><\/div><\/div><\/div><div class=\"fusion-builder-row fusion-builder-row-inner fusion-row fusion-flex-align-items-flex-start fusion-flex-content-wrap\" style=\"width:104% !important;max-width:104% !important;margin-left: calc(-4% \/ 2 );margin-right: calc(-4% \/ 2 );\"><div class=\"fusion-layout-column fusion_builder_column_inner fusion-builder-nested-column-4 fusion_builder_column_inner_1_5 1_5 fusion-flex-column fusion-flex-align-self-flex-start\" style=\"--awb-bg-size:cover;--awb-width-large:20%;--awb-margin-top-large:0px;--awb-spacing-right-large:9.6%;--awb-margin-bottom-large:20px;--awb-spacing-left-large:9.6%;--awb-width-medium:25%;--awb-order-medium:0;--awb-spacing-right-medium:7.68%;--awb-margin-bottom-medium:0px;--awb-spacing-left-medium:7.68%;--awb-width-small:100%;--awb-order-small:0;--awb-spacing-right-small:1.92%;--awb-spacing-left-small:1.92%;\"><div class=\"fusion-column-wrapper fusion-column-has-shadow fusion-flex-justify-content-flex-start fusion-content-layout-column\"><i class=\"fb-icon-element-3 fb-icon-element fontawesome-icon awb-business-globe-solid circle-yes fusion-text-flow\" style=\"--awb-iconcolor:var(--awb-color6);--awb-circlecolor:var(--awb-color1);--awb-circlecolor-hover:var(--awb-color7);--awb-circlebordercolor:hsla(var(--awb-color2-h),var(--awb-color2-s),calc(var(--awb-color2-l) - 4%),var(--awb-color2-a));--awb-circlebordercolor-hover:hsla(var(--awb-color2-h),var(--awb-color2-s),calc(var(--awb-color2-l) - 4%),var(--awb-color2-a));--awb-circlebordersize:5px;--awb-font-size:34px;--awb-width:96px;--awb-height:96px;--awb-line-height:86px;--awb-margin-right:17px;\"><\/i><\/div><\/div><div class=\"fusion-layout-column fusion_builder_column_inner fusion-builder-nested-column-5 fusion_builder_column_inner_2_3 2_3 fusion-flex-column fusion-flex-align-self-flex-start\" style=\"--awb-padding-top:10px;--awb-padding-left:10px;--awb-bg-size:cover;--awb-width-large:66.666666666667%;--awb-margin-top-large:0px;--awb-spacing-right-large:2.88%;--awb-margin-bottom-large:0px;--awb-spacing-left-large:2.88%;--awb-width-medium:75%;--awb-order-medium:0;--awb-spacing-right-medium:2.56%;--awb-spacing-left-medium:2.56%;--awb-width-small:100%;--awb-order-small:0;--awb-spacing-right-small:1.92%;--awb-spacing-left-small:1.92%;\"><div class=\"fusion-column-wrapper fusion-column-has-shadow fusion-flex-justify-content-flex-start fusion-content-layout-column\"><div class=\"fusion-title title fusion-title-3 fusion-sep-none fusion-title-text fusion-title-size-five\" style=\"--awb-margin-bottom:10px;\"><h5 class=\"fusion-title-heading title-heading-left\" style=\"margin:0;text-transform:none;\"><strong data-start=\"448\" data-end=\"473\">Expertos a tu alcance<\/strong><\/h5><\/div><div class=\"fusion-text fusion-text-4 fusion-text-no-margin\" style=\"--awb-margin-top:0px;--awb-margin-bottom:0px;\"><article class=\"text-token-text-primary w-full\" dir=\"auto\" data-testid=\"conversation-turn-36\" data-scroll-anchor=\"true\">\n<div class=\"text-base my-auto mx-auto py-5 &#091;--thread-content-margin:--spacing(4)&#093; @&#091;37rem&#093;:&#091;--thread-content-margin:--spacing(6)&#093; @&#091;72rem&#093;:&#091;--thread-content-margin:--spacing(16)&#093; px-(--thread-content-margin)\">\n<div class=\"&#091;--thread-content-max-width:32rem&#093; @&#091;34rem&#093;:&#091;--thread-content-max-width:40rem&#093; @&#091;64rem&#093;:&#091;--thread-content-max-width:48rem&#093; mx-auto flex max-w-(--thread-content-max-width) flex-1 text-base gap-4 md:gap-5 lg:gap-6 group\/turn-messages focus-visible:outline-hidden\" tabindex=\"-1\">\n<div class=\"group\/conversation-turn relative flex w-full min-w-0 flex-col agent-turn\">\n<div class=\"relative flex-col gap-1 md:gap-3\">\n<div class=\"flex max-w-full flex-col grow\">\n<div class=\"min-h-8 text-message relative flex w-full flex-col items-end gap-2 text-start break-words whitespace-normal &#091;.text-message+&amp;&#093;:mt-5\" dir=\"auto\" data-message-author-role=\"assistant\" data-message-id=\"6d9aa217-dc6f-4bfe-a799-4e2174092832\" data-message-model-slug=\"gpt-4-5\">\n<div class=\"flex w-full flex-col gap-1 empty:hidden first:pt-&#091;3px&#093;\">\n<div class=\"markdown prose dark:prose-invert w-full break-words dark\">\n<p data-start=\"448\" data-end=\"587\" data-is-last-node=\"\" data-is-only-node=\"\">Equipo especializado que colabora estrechamente contigo, combinando experiencia t\u00e9cnica y conocimiento interno.<\/p>\n<\/div>\n<\/div>\n<\/div>\n<\/div>\n<\/div>\n<\/div>\n<\/div>\n<\/div>\n<\/article>\n<\/div><\/div><\/div><\/div><\/div><\/div><\/div><\/div>\n","protected":false},"excerpt":{"rendered":"","protected":false},"author":1,"featured_media":0,"parent":1018,"menu_order":0,"comment_status":"closed","ping_status":"closed","template":"100-width.php","meta":{"_acf_changed":false,"footnotes":""},"class_list":["post-1272","page","type-page","status-publish","hentry"],"acf":[],"_links":{"self":[{"href":"https:\/\/conciencialogistica.com\/web\/wp-json\/wp\/v2\/pages\/1272","targetHints":{"allow":["GET"]}}],"collection":[{"href":"https:\/\/conciencialogistica.com\/web\/wp-json\/wp\/v2\/pages"}],"about":[{"href":"https:\/\/conciencialogistica.com\/web\/wp-json\/wp\/v2\/types\/page"}],"author":[{"embeddable":true,"href":"https:\/\/conciencialogistica.com\/web\/wp-json\/wp\/v2\/users\/1"}],"replies":[{"embeddable":true,"href":"https:\/\/conciencialogistica.com\/web\/wp-json\/wp\/v2\/comments?post=1272"}],"version-history":[{"count":12,"href":"https:\/\/conciencialogistica.com\/web\/wp-json\/wp\/v2\/pages\/1272\/revisions"}],"predecessor-version":[{"id":3939,"href":"https:\/\/conciencialogistica.com\/web\/wp-json\/wp\/v2\/pages\/1272\/revisions\/3939"}],"up":[{"embeddable":true,"href":"https:\/\/conciencialogistica.com\/web\/wp-json\/wp\/v2\/pages\/1018"}],"wp:attachment":[{"href":"https:\/\/conciencialogistica.com\/web\/wp-json\/wp\/v2\/media?parent=1272"}],"curies":[{"name":"wp","href":"https:\/\/api.w.org\/{rel}","templated":true}]}}